{"id":11,"date":"2025-06-20T16:14:59","date_gmt":"2025-06-20T16:14:59","guid":{"rendered":"http:\/\/casino.test\/?page_id=11"},"modified":"2026-02-06T15:57:20","modified_gmt":"2026-02-06T15:57:20","slug":"slotoss","status":"publish","type":"page","link":"https:\/\/bet-casino-online.top\/","title":{"rendered":"SE main"},"content":{"rendered":"","protected":false},"excerpt":{"rendered":"","protected":false},"author":1,"featured_media":0,"parent":0,"menu_order":0,"comment_status":"closed","ping_status":"closed","template":"home.php","meta":{"_acf_changed":false,"inline_featured_image":false,"footnotes":""},"class_list":["post-11","page","type-page","status-publish","hentry"],"acf":[],"yoast_head":"<!-- This site is optimized with the Yoast SEO plugin v25.3.1 - https:\/\/yoast.com\/wordpress\/plugins\/seo\/ -->\n<title>Fast Slots Casino \u2013 bekv\u00e4ma satsningar och stora bonusar f\u00f6r svenska spelare<\/title>\n<meta name=\"description\" content=\"Fast Slots online casino har f\u00f6rberett gener\u00f6sa priser och intressanta kampanjer f\u00f6r sina kunder. Spelare kan f\u00f6rv\u00e4nta sig snabba betalningar, samt ett brett utbud av slots och kortspel p\u00e5 alla enheter\" \/>\n<meta name=\"robots\" content=\"index, follow, max-snippet:-1, max-image-preview:large, max-video-preview:-1\" \/>\n<link rel=\"canonical\" href=\"https:\/\/bet-casino-online.top\/se\/\" \/>\n<meta property=\"og:locale\" content=\"en_US\" \/>\n<meta property=\"og:type\" content=\"article\" \/>\n<meta property=\"og:title\" content=\"Fast Slots Casino \u2013 bekv\u00e4ma satsningar och stora bonusar f\u00f6r svenska spelare\" \/>\n<meta property=\"og:description\" content=\"Fast Slots online casino har f\u00f6rberett gener\u00f6sa priser och intressanta kampanjer f\u00f6r sina kunder. Spelare kan f\u00f6rv\u00e4nta sig snabba betalningar, samt ett brett utbud av slots och kortspel p\u00e5 alla enheter\" \/>\n<meta property=\"og:url\" content=\"https:\/\/bet-casino-online.top\/se\/\" \/>\n<meta property=\"og:site_name\" content=\"bet-casino-online.top\" \/>\n<meta property=\"article:modified_time\" content=\"2026-02-06T15:57:20+00:00\" \/>\n<meta name=\"twitter:card\" content=\"summary_large_image\" \/>\n<script type=\"application\/ld+json\" class=\"yoast-schema-graph\">{\"@context\":\"https:\/\/schema.org\",\"@graph\":[{\"@type\":\"WebPage\",\"@id\":\"https:\/\/bet-casino-online.top\/\",\"url\":\"https:\/\/bet-casino-online.top\/se\/\",\"name\":\"Fast Slots Casino \u2013 bekv\u00e4ma satsningar och stora bonusar f\u00f6r svenska spelare\",\"isPartOf\":{\"@id\":\"https:\/\/bet-casino-online.top\/#website\"},\"datePublished\":\"2025-06-20T16:14:59+00:00\",\"dateModified\":\"2026-02-06T15:57:20+00:00\",\"description\":\"Fast Slots online casino har f\u00f6rberett gener\u00f6sa priser och intressanta kampanjer f\u00f6r sina kunder. Spelare kan f\u00f6rv\u00e4nta sig snabba betalningar, samt ett brett utbud av slots och kortspel p\u00e5 alla enheter\",\"breadcrumb\":{\"@id\":\"https:\/\/bet-casino-online.top\/se\/#breadcrumb\"},\"inLanguage\":\"en-US\",\"potentialAction\":[{\"@type\":\"ReadAction\",\"target\":[\"https:\/\/bet-casino-online.top\/se\/\"]}]},{\"@type\":\"BreadcrumbList\",\"@id\":\"https:\/\/bet-casino-online.top\/se\/#breadcrumb\",\"itemListElement\":[{\"@type\":\"ListItem\",\"position\":1,\"name\":\"Home\",\"item\":\"https:\/\/bet-casino-online.top\/\"},{\"@type\":\"ListItem\",\"position\":2,\"name\":\"SE main\"}]},{\"@type\":\"WebSite\",\"@id\":\"https:\/\/bet-casino-online.top\/#website\",\"url\":\"https:\/\/bet-casino-online.top\/\",\"name\":\"bet-casino-online.top\",\"description\":\"\",\"potentialAction\":[{\"@type\":\"SearchAction\",\"target\":{\"@type\":\"EntryPoint\",\"urlTemplate\":\"https:\/\/bet-casino-online.top\/?s={search_term_string}\"},\"query-input\":{\"@type\":\"PropertyValueSpecification\",\"valueRequired\":true,\"valueName\":\"search_term_string\"}}],\"inLanguage\":\"en-US\"}]}<\/script>\n<!-- \/ Yoast SEO plugin. -->","yoast_head_json":{"title":"Fast Slots Casino \u2013 bekv\u00e4ma satsningar och stora bonusar f\u00f6r svenska spelare","description":"Fast Slots online casino har f\u00f6rberett gener\u00f6sa priser och intressanta kampanjer f\u00f6r sina kunder. Spelare kan f\u00f6rv\u00e4nta sig snabba betalningar, samt ett brett utbud av slots och kortspel p\u00e5 alla enheter","robots":{"index":"index","follow":"follow","max-snippet":"max-snippet:-1","max-image-preview":"max-image-preview:large","max-video-preview":"max-video-preview:-1"},"canonical":"https:\/\/bet-casino-online.top\/se\/","og_locale":"en_US","og_type":"article","og_title":"Fast Slots Casino \u2013 bekv\u00e4ma satsningar och stora bonusar f\u00f6r svenska spelare","og_description":"Fast Slots online casino har f\u00f6rberett gener\u00f6sa priser och intressanta kampanjer f\u00f6r sina kunder. Spelare kan f\u00f6rv\u00e4nta sig snabba betalningar, samt ett brett utbud av slots och kortspel p\u00e5 alla enheter","og_url":"https:\/\/bet-casino-online.top\/se\/","og_site_name":"bet-casino-online.top","article_modified_time":"2026-02-06T15:57:20+00:00","twitter_card":"summary_large_image","schema":{"@context":"https:\/\/schema.org","@graph":[{"@type":"WebPage","@id":"https:\/\/bet-casino-online.top\/","url":"https:\/\/bet-casino-online.top\/se\/","name":"Fast Slots Casino \u2013 bekv\u00e4ma satsningar och stora bonusar f\u00f6r svenska spelare","isPartOf":{"@id":"https:\/\/bet-casino-online.top\/#website"},"datePublished":"2025-06-20T16:14:59+00:00","dateModified":"2026-02-06T15:57:20+00:00","description":"Fast Slots online casino har f\u00f6rberett gener\u00f6sa priser och intressanta kampanjer f\u00f6r sina kunder. Spelare kan f\u00f6rv\u00e4nta sig snabba betalningar, samt ett brett utbud av slots och kortspel p\u00e5 alla enheter","breadcrumb":{"@id":"https:\/\/bet-casino-online.top\/se\/#breadcrumb"},"inLanguage":"en-US","potentialAction":[{"@type":"ReadAction","target":["https:\/\/bet-casino-online.top\/se\/"]}]},{"@type":"BreadcrumbList","@id":"https:\/\/bet-casino-online.top\/se\/#breadcrumb","itemListElement":[{"@type":"ListItem","position":1,"name":"Home","item":"https:\/\/bet-casino-online.top\/"},{"@type":"ListItem","position":2,"name":"SE main"}]},{"@type":"WebSite","@id":"https:\/\/bet-casino-online.top\/#website","url":"https:\/\/bet-casino-online.top\/","name":"bet-casino-online.top","description":"","potentialAction":[{"@type":"SearchAction","target":{"@type":"EntryPoint","urlTemplate":"https:\/\/bet-casino-online.top\/?s={search_term_string}"},"query-input":{"@type":"PropertyValueSpecification","valueRequired":true,"valueName":"search_term_string"}}],"inLanguage":"en-US"}]}},"amp_enabled":true,"_links":{"self":[{"href":"https:\/\/bet-casino-online.top\/wp-json\/wp\/v2\/pages\/11","targetHints":{"allow":["GET"]}}],"collection":[{"href":"https:\/\/bet-casino-online.top\/wp-json\/wp\/v2\/pages"}],"about":[{"href":"https:\/\/bet-casino-online.top\/wp-json\/wp\/v2\/types\/page"}],"author":[{"embeddable":true,"href":"https:\/\/bet-casino-online.top\/wp-json\/wp\/v2\/users\/1"}],"replies":[{"embeddable":true,"href":"https:\/\/bet-casino-online.top\/wp-json\/wp\/v2\/comments?post=11"}],"version-history":[{"count":7,"href":"https:\/\/bet-casino-online.top\/wp-json\/wp\/v2\/pages\/11\/revisions"}],"predecessor-version":[{"id":374,"href":"https:\/\/bet-casino-online.top\/wp-json\/wp\/v2\/pages\/11\/revisions\/374"}],"wp:attachment":[{"href":"https:\/\/bet-casino-online.top\/wp-json\/wp\/v2\/media?parent=11"}],"curies":[{"name":"wp","href":"https:\/\/api.w.org\/{rel}","templated":true}]}}